{"id":50,"date":"2022-05-24T22:56:06","date_gmt":"2022-05-24T20:56:06","guid":{"rendered":"http:\/\/actionsciencejargeau.fr\/?page_id=50"},"modified":"2022-07-12T21:56:30","modified_gmt":"2022-07-12T19:56:30","slug":"panneau2","status":"publish","type":"page","link":"https:\/\/actionsciencejargeau.fr\/index.php\/accueil\/cdu\/etape3\/panneau2\/","title":{"rendered":"lumi\u00e8re et \u00e9nergie"},"content":{"rendered":"\n<div class=\"wp-block-group has-luminous-dusk-gradient-background has-background is-nowrap is-layout-flex wp-container-core-group-is-layout-ad2f72ca wp-block-group-is-layout-flex\">\n<div class=\"wp-block-group has-luminous-dusk-gradient-background has-background is-vertical is-layout-flex wp-container-core-group-is-layout-8cf370e7 wp-block-group-is-layout-flex\">\n<div class=\"wp-block-group is-vertical is-layout-flex wp-container-core-group-is-layout-8cf370e7 wp-block-group-is-layout-flex\">\n<div class=\"wp-block-group is-vertical is-layout-flex wp-container-core-group-is-layout-8cf370e7 wp-block-group-is-layout-flex\">\n<div class=\"wp-block-group is-vertical is-layout-flex wp-container-core-group-is-layout-8cf370e7 wp-block-group-is-layout-flex\">\n<figure class=\"wp-block-audio\"><audio controls src=\"http:\/\/actionsciencejargeau.fr\/wp-content\/uploads\/2022\/07\/Et3-2.mp3\"><\/audio><\/figure>\n\n\n\n<div class=\"wp-block-buttons is-layout-flex wp-block-buttons-is-layout-flex\">\n<div class=\"wp-block-button\"><a class=\"wp-block-button__link\" href=\"http:\/\/actionsciencejargeau.fr\/index.php\/accueil\/cdu\/etape3\/panneau1\/\">pr\u00e9c\u00e9dent<\/a><\/div>\n\n\n\n<div class=\"wp-block-button\"><a class=\"wp-block-button__link\" href=\"http:\/\/actionsciencejargeau.fr\/index.php\/accueil\/cdu\/etape3\/panneau3\/\">suivant<\/a><\/div>\n<\/div>\n<\/div>\n\n\n\n<p class=\"has-small-font-size\">Regardons autour de nous; tout est compos\u00e9e de mati\u00e8re. Comment s\u2019en rendre compte? Parce que nous la voyons, la touchons, la sentons. Nous la touchons, parce que la mati\u00e8re a une masse, nous la sentons, parce qu\u2019elle pr\u00e9sente des \u00e9tats, et ses vapeurs sont d\u00e9tectables, nous la voyons, parce qu\u2019il y a un rayonnement ambiant qui nous la montre. Tout autour de nous, les rayonnements sont pr\u00e9sents. Principalement visible gr\u00e2ce \u00e0 notre soleil, mais pas seulement, ces rayonnements sont vari\u00e9s. Un rayonnement n\u2019est pas de la mati\u00e8re; c\u2019est de l\u2019\u00e9nergie.<\/p>\n<\/div>\n\n\n\n<p class=\"has-small-font-size\">Un rayonnement, d\u00e9signe le processus d&rsquo;\u00e9mission ou de propagation d&rsquo;\u00e9nergie et de quantit\u00e9 de mouvement impliquant une onde, une particule.<br>Une onde \u00e9lectromagn\u00e9tique est une cat\u00e9gorie d&rsquo;ondes qui peut se d\u00e9placer dans un milieu de propagation comme le vide ou l&rsquo;air, avec une vitesse avoisinant celle de la lumi\u00e8re, soit pr\u00e8s de 300 000 kilom\u00e8tres par seconde. Ces ondes sont par exemple produites par des charges \u00e9lectriques en mouvement.<\/p>\n<\/div>\n\n\n\n<p class=\"has-small-font-size\">Gr\u00e2ce aux rayonnements, nous pouvons caract\u00e9riser la mati\u00e8re.<br>En observant le rayonnement \u00e9mis par le soleil, nous d\u00e9tectons la nature des atomes en pr\u00e9sence. C\u2019est en observant le rayonnement solaire au 19 si\u00e8cles que 2 britanniques ont d\u00e9couvert ce nouveau corps qu\u2019ils ont baptis\u00e9 H\u00e9lium en honneur d\u2019helios, le soleil.<br>Les rayonnements sont analys\u00e9s \u00e0 l\u2019aide de spectrom\u00e8tre&nbsp;; pour le visible, le spectrom\u00e8tre le plus simple est un simple prisme qui permet de d\u00e9composer la lumi\u00e8re afin d\u2019identifier des raies caract\u00e9ristiques (une sorte de code barre) d\u2019une mati\u00e8re.<\/p>\n<\/div>\n\n\n\n<figure class=\"wp-block-image size-full\"><img fetchpriority=\"high\" decoding=\"async\" width=\"451\" height=\"859\" src=\"http:\/\/actionsciencejargeau.fr\/wp-content\/uploads\/2022\/07\/image-25.png\" alt=\"\" class=\"wp-image-286\" srcset=\"https:\/\/actionsciencejargeau.fr\/wp-content\/uploads\/2022\/07\/image-25.png 451w, https:\/\/actionsciencejargeau.fr\/wp-content\/uploads\/2022\/07\/image-25-158x300.png 158w\" sizes=\"(max-width: 451px) 100vw, 451px\" \/><\/figure>\n<\/div>\n\n\n\n<div class=\"wp-block-group has-luminous-dusk-gradient-background has-background is-vertical is-layout-flex wp-container-core-group-is-layout-8cf370e7 wp-block-group-is-layout-flex\">\n<h2 class=\"wp-block-heading\">le rayonnement<\/h2>\n\n\n\n<figure class=\"wp-block-image size-large is-resized\"><img decoding=\"async\" src=\"http:\/\/actionsciencejargeau.fr\/wp-content\/uploads\/2022\/07\/image-15-1024x653.png\" alt=\"\" class=\"wp-image-219\" width=\"808\" height=\"512\"\/><figcaption>Les ondes \u00e9lectromagn\u00e9tiques<\/figcaption><\/figure>\n\n\n\n<p class=\"has-small-font-size\">Regardons autour de nous; tout est compos\u00e9e de mati\u00e8re. Comment s\u2019en rendre compte? Parce que nous la voyons, la touchons, la sentons. Nous la touchons, parce que la mati\u00e8re a une masse, nous la sentons, parce qu\u2019elle pr\u00e9sente des \u00e9tats, et ses vapeurs sont d\u00e9tectables, nous la voyons, parce qu\u2019il y a un rayonnement ambiant qui nous la montre. Tout autour de nous, les rayonnements sont pr\u00e9sents. Principalement visible gr\u00e2ce \u00e0 notre soleil, mais pas seulement, ces rayonnements sont vari\u00e9s. Un rayonnement n\u2019est pas de la mati\u00e8re; c\u2019est de l\u2019\u00e9nergie.<\/p>\n\n\n\n<p class=\"has-small-font-size\">Un rayonnement, d\u00e9signe le processus d&rsquo;\u00e9mission ou de propagation d&rsquo;\u00e9nergie et de quantit\u00e9 de mouvement impliquant une onde, une particule.<br>Une onde \u00e9lectromagn\u00e9tique est une cat\u00e9gorie d&rsquo;ondes qui peut se d\u00e9placer dans un milieu de propagation comme le vide ou l&rsquo;air, avec une vitesse avoisinant celle de la lumi\u00e8re, soit pr\u00e8s de 300 000 kilom\u00e8tres par seconde. Ces ondes sont par exemple produites par des charges \u00e9lectriques en mouvement.<\/p>\n\n\n\n<p class=\"has-small-font-size\">Gr\u00e2ce aux rayonnements, nous pouvons caract\u00e9riser la mati\u00e8re.<\/p>\n\n\n\n<h2 class=\"wp-block-heading\">la spectroscopie<\/h2>\n\n\n\n<figure class=\"wp-block-image size-large\"><img decoding=\"async\" width=\"1024\" height=\"741\" src=\"http:\/\/actionsciencejargeau.fr\/wp-content\/uploads\/2022\/07\/image-16-1024x741.png\" alt=\"\" class=\"wp-image-220\" srcset=\"https:\/\/actionsciencejargeau.fr\/wp-content\/uploads\/2022\/07\/image-16-1024x741.png 1024w, https:\/\/actionsciencejargeau.fr\/wp-content\/uploads\/2022\/07\/image-16-300x217.png 300w, https:\/\/actionsciencejargeau.fr\/wp-content\/uploads\/2022\/07\/image-16-768x555.png 768w, https:\/\/actionsciencejargeau.fr\/wp-content\/uploads\/2022\/07\/image-16.png 1109w\" sizes=\"(max-width: 1024px) 100vw, 1024px\" \/><figcaption>analyse spectrale de la voie lact\u00e9e<\/figcaption><\/figure>\n\n\n\n<p class=\"has-small-font-size\">Voici diff\u00e9rentes vues de la voie lact\u00e9e<br>C\u2019est gr\u00e2ce \u00e0 ces m\u00e9thodes que l\u2019Univers peut \u00eatre \u00e9tudi\u00e9 et qu\u2019il est possible de reconstituer son histoire<\/p>\n<\/div>\n","protected":false},"excerpt":{"rendered":"<p>Regardons autour de nous; tout est compos\u00e9e de mati\u00e8re. Comment s\u2019en rendre compte? Parce que nous la voyons, la touchons, la sentons. Nous la touchons, parce que la mati\u00e8re a [&hellip;]<\/p>\n","protected":false},"author":3,"featured_media":0,"parent":45,"menu_order":2,"comment_status":"closed","ping_status":"closed","template":"","meta":{"footnotes":""},"class_list":["post-50","page","type-page","status-publish","hentry","entry"],"_links":{"self":[{"href":"https:\/\/actionsciencejargeau.fr\/index.php\/wp-json\/wp\/v2\/pages\/50","targetHints":{"allow":["GET"]}}],"collection":[{"href":"https:\/\/actionsciencejargeau.fr\/index.php\/wp-json\/wp\/v2\/pages"}],"about":[{"href":"https:\/\/actionsciencejargeau.fr\/index.php\/wp-json\/wp\/v2\/types\/page"}],"author":[{"embeddable":true,"href":"https:\/\/actionsciencejargeau.fr\/index.php\/wp-json\/wp\/v2\/users\/3"}],"replies":[{"embeddable":true,"href":"https:\/\/actionsciencejargeau.fr\/index.php\/wp-json\/wp\/v2\/comments?post=50"}],"version-history":[{"count":5,"href":"https:\/\/actionsciencejargeau.fr\/index.php\/wp-json\/wp\/v2\/pages\/50\/revisions"}],"predecessor-version":[{"id":307,"href":"https:\/\/actionsciencejargeau.fr\/index.php\/wp-json\/wp\/v2\/pages\/50\/revisions\/307"}],"up":[{"embeddable":true,"href":"https:\/\/actionsciencejargeau.fr\/index.php\/wp-json\/wp\/v2\/pages\/45"}],"wp:attachment":[{"href":"https:\/\/actionsciencejargeau.fr\/index.php\/wp-json\/wp\/v2\/media?parent=50"}],"curies":[{"name":"wp","href":"https:\/\/api.w.org\/{rel}","templated":true}]}}