{"id":562,"date":"2024-08-13T19:29:09","date_gmt":"2024-08-13T17:29:09","guid":{"rendered":"https:\/\/actionsciencejargeau.fr\/?page_id=562"},"modified":"2024-08-17T19:55:07","modified_gmt":"2024-08-17T17:55:07","slug":"astronomie","status":"publish","type":"page","link":"https:\/\/actionsciencejargeau.fr\/index.php\/astronomie\/","title":{"rendered":"Astronomie"},"content":{"rendered":"\t\t<div data-elementor-type=\"wp-page\" data-elementor-id=\"562\" class=\"elementor elementor-562\">\n\t\t\t\t\t\t<section class=\"elementor-section elementor-top-section elementor-element elementor-element-4226a30f elementor-section-boxed elementor-section-height-default elementor-section-height-default\" data-id=\"4226a30f\" data-element_type=\"section\" data-e-type=\"section\">\n\t\t\t\t\t\t<div class=\"elementor-container elementor-column-gap-default\">\n\t\t\t\t\t<div class=\"elementor-column elementor-col-100 elementor-top-column elementor-element elementor-element-d243e56\" data-id=\"d243e56\" data-element_type=\"column\" data-e-type=\"column\">\n\t\t\t<div class=\"elementor-widget-wrap elementor-element-populated\">\n\t\t\t\t\t\t<div class=\"elementor-element elementor-element-3bb2afb3 elementor-widget elementor-widget-text-editor\" data-id=\"3bb2afb3\" data-element_type=\"widget\" data-e-type=\"widget\" data-widget_type=\"text-editor.default\">\n\t\t\t\t<div class=\"elementor-widget-container\">\n\t\t\t\t\t\t\t\t\t<p><\/p>\n<h2 class=\"wp-block-heading\">D\u00e9couvrez l&rsquo;astronomie<\/h2>\n<p><\/p>\n<p>L&rsquo;astronomie commence d\u00e8s que l&rsquo;on commence \u00e0 redresser la t\u00eate vers le ciel, ou bien que l&rsquo;on s&rsquo;int\u00e9resse \u00e0 tout ce qui se passe dans l&rsquo;Univers. Il n&rsquo;est pas n\u00e9cessaire d&rsquo;avoir des instruments sophistiqu\u00e9s pour commencer. Il faut avant tout se familiariser avec quelques concepts et d\u00e9finitions. Une petite initiation un d&rsquo;un soir d&rsquo;\u00e9t\u00e9 peut apporter beaucoup! Je vous propose cette succession d&rsquo;\u00e9tapes pour vous familiariser.<\/p>\n<p><\/p>\n<h2 class=\"wp-block-heading\">Ce soir, il n\u2019y a rien \u00e0 la t\u00e9l\u00e9, le ciel est \u00e9toil\u00e9&nbsp;! Allons faire un plongeon dans la voie lact\u00e9e&nbsp;!<\/h2>\n<p><\/p>\n<p>De plus en plus les municipalit\u00e9s \u00e9teignent l\u2019\u00e9clairage public \u00e0 partir de 22 ou 23h. C\u2019est le moment d\u2019aller d\u00e9couvrir le spectacle du ciel. Il suffit de se laisser porter pour d\u00e9couvrir les constellations.<\/p>\n<p><\/p>\n<p>Ce qu\u2019il faut pour d\u00e9couvrir le ciel :<\/p>\n<p><\/p>\n<ul class=\"wp-block-list\">\n<li style=\"list-style-type: none;\">\n<ul class=\"wp-block-list\"><\/ul>\n<\/li>\n<\/ul>\n<ul class=\"wp-block-list\">\n<li style=\"list-style-type: none;\">\n<ul class=\"wp-block-list\">\n<li>pr\u00e9voir d\u2019apporter une petite laine, un anti-moustique, une bouteille d\u2019eau, des g\u00e2teaux \u00e0 partager, une couverture pour s\u2019allonger dessus ou un si\u00e8ge bien inclin\u00e9 et confortable. Sur son t\u00e9l\u00e9phone, t\u00e9l\u00e9charger l\u2019application \u00ab&nbsp;<a href=\"https:\/\/stellarium.org\/fr\/\" target=\"_blank\" rel=\"noopener\">stellarium&nbsp;<\/a>\u00bb ou \u00e9quivalent. C\u2019est tr\u00e8s utile pour se donner une image des constellations et se rep\u00e9rer. Regarder comment d\u00e9finir le mode nuit. Si vous prenez une lampe de poche, mettre une g\u00e9latine rouge pour \u00e9viter d\u2019\u00e9blouir les yeux environnants qui ne manqueront pas de montrer leur m\u00e9contentement. Il faut une 20aine de minutes pour que notre vision s\u2019adapte et que l\u2019on soit capable de voir des d\u00e9tails lumineux dans le ciel qui nous surprendront.<br>Il faut \u00eatre pr\u00eat \u00e0 passer un bon moment.<\/li>\n<\/ul>\n<\/li>\n<\/ul>\n<p><\/p>\n<ul class=\"wp-block-list\">\n<li style=\"list-style-type: none;\">\n<ul class=\"wp-block-list\">\n<li>le lieu&nbsp;: choisir un lieu o\u00f9 il n\u2019y a pas de g\u00eane lumineuse. Pas de lampadaire, pas de villes qui rayonnent, pas de route o\u00f9 les voitures en plein phare tuent nos r\u00e9tines. L\u2019espace doit \u00eatre d\u00e9gag\u00e9 \u00e0 l\u2019horizon.<\/li>\n<\/ul>\n<\/li>\n<\/ul>\n<p><\/p>\n<ul class=\"wp-block-list\">\n<li style=\"list-style-type: none;\">\n<ul class=\"wp-block-list\">\n<li>sur \u00ab&nbsp;stellarium&nbsp;\u00bb, s\u00e9lectionner la date du jour de votre sortie, et v\u00e9rifier ce que vous pourriez voir. Y a-t-il la lune&nbsp;? Des plan\u00e8tes&nbsp;? \u00c0 quelle heure&nbsp;? Si c\u2019est la pleine lune, alors ce sera une soir\u00e9e d\u2019observation de la lune&nbsp;!<\/li>\n<\/ul>\n<\/li>\n<\/ul>\n<p><\/p>\n<ul class=\"wp-block-list\">\n<li style=\"list-style-type: none;\">\n<ul class=\"wp-block-list\">\n<li>Pour la premi\u00e8re fois, il n\u2019est pas n\u00e9cessaire de sortir un t\u00e9lescope Des jumelles seront les bienvenues. Le but de cette soir\u00e9e est d\u2019apprendre \u00e0 se diriger dans le ciel.<br>Sur le site Action Science, vous pourrez lancer la bande son qui vous guidera vers cette d\u00e9couverte.<br>Aller c\u2019est parti&nbsp;!!<\/li>\n<\/ul>\n<\/li>\n<\/ul>\n<p><\/p>\n<p><\/p>\n<h2 class=\"wp-block-heading\">Notre Univers (bande son)<\/h2>\n<p><\/p>\n<p>Tout le monde est en place&nbsp;? Pour attendre les 20 minutes que notre vue s\u2019habitue \u00e0 l\u2019obscurit\u00e9, on peut juste se remettre en question de qui on est et d\u2019o\u00f9 venons nous&nbsp;? La r\u00e9ponse est bien s\u00fbr au dessus de nos t\u00eates et de nombreux scientifiques ont contribu\u00e9 pour reconstruire cet incroyable puzzle de notre existence et de l\u2019existence de l\u2019univers tout entier.<br>Nous sommes sur la plan\u00e8te Terre, cet incroyable vaisseau qui tourne autour de son \u00e9toile, le Soleil. Parce que la terre tourne sur elle m\u00eame en 24h, nous vivons les alternances de jours et de nuits. Le jour, le Soleil est si brillant, qu\u2019il ne permet pas aux \u00e9toiles de la nuit, d\u2019\u00eatre visible. La nuit, lorsqu\u2019il est derri\u00e8re la terre pour nous, des milliards d\u2019\u00e9toiles scintillent dans le ciel.<\/p>\n<p><\/p>\n<p>Qu\u2019est-ce qu\u2019une \u00e9toile&nbsp;? Pour comprendre, il faut retourner \u00e0 l\u2019instant z\u00e9ro, au moment du Big Bang.<br>Imaginez il y a 13.8 milliards d\u2019ann\u00e9es, vous n\u2019existiez pas, la mati\u00e8re qui vous composent n\u2019existait pas. Seule existait une \u00e9nergie ph\u00e9nom\u00e9nale dans un espace tr\u00e8s restreint qui compose l\u2019Univers. Cette \u00e9nergie s\u2019\u00e9tend, et en s\u2019\u00e9tendant elle diminue, ou se refroidie. A cet instant, apparaissent les premiers \u00e9l\u00e9ments de mati\u00e8re&nbsp;: les quarks et les gluons. Ils vont trop vite encore pour s\u2019associer. L\u2019expansion continue et la temp\u00e9rature diminue. Alors, les quarks et gluons commencent \u00e0 s\u2019associer pour former des particules composites: les protons, les neutrons. Ce sont les \u00e9l\u00e9ments essentiels qui composent les atomes de l\u2019Univers.<br>L\u2019expansion continue, les protons et neutrons vont pouvoir se rencontrer. Le premier atome appara\u00eet&nbsp;: l\u2019hydrog\u00e8ne, compos\u00e9 d\u2019un seul proton. En s\u2019associant avec un autre hydrog\u00e8ne, il donnera naissance \u00e0 l\u2019h\u00e9lium. Ainsi, juste apr\u00e8s le Big Bang, beaucoup d\u2019hydrog\u00e8ne, un peu d\u2019h\u00e9lium et un tout petit peu de Lithium vont \u00eatre cr\u00e9\u00e9s \u00e0 partir de cette \u00e9nergie ph\u00e9nom\u00e9nale, mais il y en aura \u00e9norm\u00e9ment&nbsp;!<\/p>\n<p><\/p>\n<p>La masse attire la masse&nbsp;: c\u2019est la gravit\u00e9&nbsp;! Et bien les atomes se rapprochent les uns des autres, attir\u00e9s par leur masse. Cela forme d\u2019immense grumeau dans cet univers qui continue \u00e0 s\u2019\u00e9tendre. Ces masses deviennent \u00e9normes&nbsp;! Lorsque l\u2019on empile ainsi des masses, la pression devient \u00e9norme&nbsp;! Lorsque la pression augmente, alors la temp\u00e9rature augmente. Elle devient \u00e9norme&nbsp;! Ainsi l\u2019\u00e9nergie au centre de ces masses devient \u00e9norme&nbsp;! C\u2019est alors que les r\u00e9actions thermonucl\u00e9aires vont commencer. 2 hydrog\u00e8nes pourront alors s\u2019associer pour former un h\u00e9lium en d\u00e9gageant beaucoup d\u2019\u00e9nergie. Apr\u00e8s quelques centaines de millions d\u2019ann\u00e9es, l\u2019univers s\u2019\u00e9claire par le rayonnement \u00e9mis de ces masses c\u00e9lestes&nbsp;: les premi\u00e8res \u00e9toiles&nbsp;! La gravit\u00e9 les \u00e9crase, les r\u00e9actions nucl\u00e9aires les dilatent. L\u2019hydrog\u00e8ne est consomm\u00e9 pour former de l\u2019h\u00e9lium, et de l\u2019\u00e9nergie est \u00e9mise sous forme de rayonnement. Ce rayonnement est compos\u00e9 de particules \u00e9l\u00e9mentaires sans masse tr\u00e8s rapides&nbsp;: les photons.<\/p>\n<p><\/p>\n<p>et puis, l\u2019hydrog\u00e8ne commence \u00e0 manquer\u2026 la masse de l\u2019\u00e9toile n\u2019a pas chang\u00e9, donc la gravit\u00e9 va prendre le dessus. L\u2019\u00e9toile va continuer de son contracter. La temp\u00e9rature va augmenter&nbsp;! Et ainsi l\u2019h\u00e9lium va alors s\u2019associer pour former des atomes plus gros&nbsp;! Pour former du carbone et de l\u2019oxyg\u00e8ne&nbsp;! Apr\u00e8s 3 millions d\u2019ann\u00e9es d\u2019existence, si jeune, cette \u00e9toile va imploser puis exploser en projetant toute cette mati\u00e8re dans l\u2019espace.<br>Des \u00e9toiles se forment et explosent en cr\u00e9ant successivement de la mati\u00e8re de plus en plus \u00e9labor\u00e9e&nbsp;: ce sont des supernova, qui d\u00e9gagent des quantit\u00e9s d\u2019\u00e9nergie importantes. L\u00e0 aussi, des atomes plus \u00e9labor\u00e9s vont \u00eatre form\u00e9s. La mati\u00e8re projet\u00e9e forme ensuite des n\u00e9buleuses, o\u00f9 la mati\u00e8re se r\u00e9pand sur des distances astronomiques. Elle finit par de nouveau s\u2019associer par effet de gravit\u00e9. Rapidement, l\u2019hydrog\u00e8ne forme une \u00e9toile, et attire un cort\u00e8ge d\u2019autres \u00e9l\u00e9ments qui se met \u00e0 graviter autour. Une autre \u00e9toile na\u00eet, MAIS&nbsp;! Des disques de mati\u00e8re gravitent. Cette mati\u00e8re est tri\u00e9e par densit\u00e9 autour de l\u2019\u00e9toile. En tournant, la mati\u00e8re s\u2019agglom\u00e8re sur sa trajectoire circulaire gr\u00e2ce au moteur de la gravit\u00e9. Il s\u2019agit alors d\u2019un incroyable balayage en quelques centaines de millions d\u2019ann\u00e9es, pour former des sph\u00e8res de mati\u00e8re de plus en plus grosse, qui se stabilisent \u00e0 des distances quasiment r\u00e9guli\u00e8res. A chaque fois qu\u2019un corps plus petit avoisine cette masse plan\u00e9taire, il est alors attir\u00e9 et aval\u00e9&nbsp;; c\u2019est le destin des ast\u00e9ro\u00efdes.<\/p>\n<p><\/p>\n<h2 class=\"wp-block-heading\">Et notre Terre fut!<\/h2>\n<p><\/p>\n<p>C\u2019est comme cela qu\u2019est n\u00e9e notre terre, avec une particularit\u00e9. Alors qu\u2019elle \u00e9tait bien jeune sph\u00e8re, un ast\u00e9ro\u00efde du nom de Th\u00e9\u00efa, est entr\u00e9 en collision avec elle. Une partie de la cro\u00fbte terrestre a \u00e9t\u00e9 arrach\u00e9e. Elle gravite maintenant autour de la terre&nbsp;; c\u2019est la Lune.<\/p>\n<p><\/p>\n<p>Et voil\u00e0, notre Soleil est n\u00e9, notre Terre est n\u00e9e avec les autres plan\u00e8tes du syst\u00e8me solaire et tous les autres corps de mati\u00e8re du syst\u00e8me solaire\u2026 et il y en a beaucoup&nbsp;!<br>Toutes ces plan\u00e8tes tournent autour du Soleil, et le Soleil tourne aussi sur un bras d\u2019un corps c\u00e9leste immens\u00e9ment grand&nbsp;: notre galaxie, la voie lact\u00e9e. Cette galaxie est compos\u00e9 d\u2019un ensemble de quelques centaines de milliards d\u2019\u00e9toiles qui tournent autour d\u2019un centre \u00ab&nbsp;virtuel&nbsp;\u00bb constitu\u00e9 d\u2019un immense trou noir.<br>Le trou noir est une curiosit\u00e9 de l\u2019univers, tellement dense que m\u00eame les photons de lumi\u00e8re ne peuvent pas en sortir. Ainsi, on ne peut pas les voir&nbsp;! La g\u00e9om\u00e9trie des galaxies est difficile \u00e0 comprendre. Certains astrophysiciens pr\u00e9voient l\u2019existence d\u2019une forme de mati\u00e8re que nous ne connaissons pas encore&nbsp;: la mati\u00e8re noire.<\/p>\n<p><\/p>\n<p>Toujours est-il que notre galaxie ressemble \u00e0 un disque de 100 000AL de diam\u00e8tre et d\u2019une centaine d\u2019AL d\u2019\u00e9paisseur.<br>Les distances sont tellement grandes, qu\u2019il a \u00e9t\u00e9 n\u00e9cessaire d\u2019utiliser une unit\u00e9 particuli\u00e8re&nbsp;: l\u2019ann\u00e9e lumi\u00e8re. Cela correspond \u00e0 la distance parcourue par la lumi\u00e8re \u00e0 la vitesse de 300 000km\/s pendant une ann\u00e9e. 1 AL correspond \u00e0 10^13 km<br>Les \u00e9toiles que nous voyons au-dessus de nos t\u00eates, appartiennent \u00e0 notre galaxie. Avec un t\u00e9lescope, il est possible d\u2019observer d\u2019autres galaxies. La voix lact\u00e9e qui est au-dessus de nous, correspond au plan du disque. C\u2019est en regardant vers le sagittaire, que notre vision se tourne vers le centre de notre galaxie.<br>Nous avons l&rsquo;impression d&rsquo;avoir un tableau de points brillants sous nos yeux. Cependant, ces points ne sont pas tous \u00e0 la m\u00eame distance de nous.<\/p>\n<p><\/p>\n<h2 class=\"wp-block-heading\">Quelques grandeurs<\/h2>\n<p><\/p>\n<p>Distance de certaines \u00e9toiles:<br>La plus proche, alpha du centaure est \u00e0 4AL et Sirius (dans le chien)&nbsp;: 8.6 AL (20 Soleil)<br>Castor (51 AL) et pollux ( 34 AL)<br>le bouvier (Arcturus, 37 AL \/ 27 soleil)<br>aldebaran 65 AL (44 soleil)<br>l&rsquo;\u00e9toile polaire (431 AL)<br>Orion (ceinture d&rsquo;Orion&nbsp;: 817 AL \u2013 1342 AL \u2013 916 AL)<br>Vega 25 AL, ( 37 soleil) est n\u00e9 il y a environ 400-500millions d\u2019ann\u00e9es&nbsp;! Alors que notre soleil est n\u00e9 il y a 4,5 milliards d\u2019ann\u00e9es<br>Alta\u00efr 16 AL<br>Deneb 1550 AL<\/p>\n<p><\/p>\n<h2 class=\"wp-block-heading\">O\u00f9 est le nord?<\/h2>\n<p><\/p>\n<p>La Terre tourne sur elle m\u00eame. Il existe donc un axe de rotation&nbsp;! C\u2019est un axe g\u00e9om\u00e9trique qui passe par les 2 p\u00f4les. Cet axe reste identique durant la rotation de la Terre autour du soleil. On a en effet l\u2019impression qu\u2019il vise une \u00e9toile dans le ciel&nbsp;: l\u2019\u00e9toile polaire. Les navigateurs avaient bien remarqu\u00e9 cette particularit\u00e9&nbsp;! Durant la nuit, c\u2019est la seule \u00e9toile qui n\u2019a pas de d\u00e9placement apparent du fait de la rotation de la terre. Comme sur un man\u00e8ge, on voit se d\u00e9placer ce qui est ext\u00e9rieur au man\u00e8ge, alors que c\u2019est nous qui tournons&nbsp;!<br>C\u2019est ainsi que les hommes ont appris \u00e0 reconna\u00eetre la disposition des \u00e9toiles dans le ciel. Ils alors commen\u00e7aient \u00e0 imaginer des formes connues, et de leur associaient des histoires. Nous avons h\u00e9rit\u00e9 des l\u00e9gendes de la mythologie grecque, mais il existe certainement de nombreuses l\u00e9gendes dans d\u2019autres pays.<\/p>\n<p><\/p>\n<p>Voil\u00e0 nous y sommes.<br>Dans le ciel, on peut dessiner des formes imaginaires. On les appellent les constellations. Il y en a 88. Le plan de l\u2019\u00e9cliptique est un plan imaginaire dans lequel le soleil de l\u00e8ve. Dans ce plan, on peut dessiner 12 constellations qui seront repr\u00e9sentatives des mois de l\u2019ann\u00e9e&nbsp;: le verseau (01), poisson (2), b\u00e9lier (3-4),Taureau (mai), g\u00e9meaux (juin), cancer, Lion, vierge, balance, scorpion, sagittaire, capricorne. Cela signifie que le soleil du matin se l\u00e8ve dans cette constellation \u00e0 ces instants de l\u2019ann\u00e9e. Donc, on les voit essentiellement au niveau de l\u2019horizon.<\/p>\n<p><\/p>\n<p>Ensuite, dans le ciel on remarque des \u00e9toiles beaucoup plus brillantes que d\u2019autres, et des formes aussi plus atypiques que d\u2019autres&nbsp;:<br>La casserole, le W, le triangle d\u2019\u00e9t\u00e9 sont remarquables l\u2019\u00e9t\u00e9. La constellation d\u2019Orion est remarquable en hiver.<\/p>\n<p><\/p>\n<p>La casserole&nbsp;: elle repr\u00e9sente la partie sup\u00e9rieure gauche de la constellation de la grande ourse. Lorsque l\u2019on rep\u00e8re le bord ext\u00e9rieur droit de la casserole, et qu\u2019on le reporte 7 fois dans l\u2019alignement, on arrive \u00e0 une \u00e9toile moyennement lumineuse&nbsp;: il s\u2019agit de l\u2019\u00e9toile polaire.<br>\u00c7a y est, nous avons identifi\u00e9 l\u2019\u00e9toile polaire&nbsp;! Nous savons o\u00f9 est le nord&nbsp;! Depuis ce point, continuons \u00e0 explorer le ciel.<\/p>\n<p><\/p>\t\t\t\t\t\t\t\t<\/div>\n\t\t\t\t<\/div>\n\t\t\t\t\t<\/div>\n\t\t<\/div>\n\t\t\t\t\t<\/div>\n\t\t<\/section>\n\t\t\t\t<\/div>\n\t\t","protected":false},"excerpt":{"rendered":"<p>D\u00e9couvrez l&rsquo;astronomie L&rsquo;astronomie commence d\u00e8s que l&rsquo;on commence \u00e0 redresser la t\u00eate vers le ciel, ou bien que l&rsquo;on s&rsquo;int\u00e9resse \u00e0 tout ce qui se passe dans l&rsquo;Univers. Il n&rsquo;est [&hellip;]<\/p>\n","protected":false},"author":7,"featured_media":0,"parent":0,"menu_order":0,"comment_status":"closed","ping_status":"closed","template":"","meta":{"footnotes":""},"class_list":["post-562","page","type-page","status-publish","hentry","entry"],"_links":{"self":[{"href":"https:\/\/actionsciencejargeau.fr\/index.php\/wp-json\/wp\/v2\/pages\/562","targetHints":{"allow":["GET"]}}],"collection":[{"href":"https:\/\/actionsciencejargeau.fr\/index.php\/wp-json\/wp\/v2\/pages"}],"about":[{"href":"https:\/\/actionsciencejargeau.fr\/index.php\/wp-json\/wp\/v2\/types\/page"}],"author":[{"embeddable":true,"href":"https:\/\/actionsciencejargeau.fr\/index.php\/wp-json\/wp\/v2\/users\/7"}],"replies":[{"embeddable":true,"href":"https:\/\/actionsciencejargeau.fr\/index.php\/wp-json\/wp\/v2\/comments?post=562"}],"version-history":[{"count":5,"href":"https:\/\/actionsciencejargeau.fr\/index.php\/wp-json\/wp\/v2\/pages\/562\/revisions"}],"predecessor-version":[{"id":751,"href":"https:\/\/actionsciencejargeau.fr\/index.php\/wp-json\/wp\/v2\/pages\/562\/revisions\/751"}],"wp:attachment":[{"href":"https:\/\/actionsciencejargeau.fr\/index.php\/wp-json\/wp\/v2\/media?parent=562"}],"curies":[{"name":"wp","href":"https:\/\/api.w.org\/{rel}","templated":true}]}}