{"id":57,"date":"2022-05-24T23:01:37","date_gmt":"2022-05-24T21:01:37","guid":{"rendered":"http:\/\/actionsciencejargeau.fr\/?page_id=57"},"modified":"2022-07-11T14:25:23","modified_gmt":"2022-07-11T12:25:23","slug":"panneau1","status":"publish","type":"page","link":"https:\/\/actionsciencejargeau.fr\/index.php\/accueil\/cdu\/etape4\/panneau1\/","title":{"rendered":"Le syst\u00e8me solaire"},"content":{"rendered":"\n<div class=\"wp-block-group is-nowrap is-layout-flex wp-container-core-group-is-layout-ad2f72ca wp-block-group-is-layout-flex\">\n<div class=\"wp-block-group is-vertical is-layout-flex wp-container-core-group-is-layout-8cf370e7 wp-block-group-is-layout-flex\">\n<div class=\"wp-block-group is-vertical is-layout-flex wp-container-core-group-is-layout-8cf370e7 wp-block-group-is-layout-flex\">\n<figure class=\"wp-block-audio\"><audio controls src=\"http:\/\/actionsciencejargeau.fr\/wp-content\/uploads\/2022\/07\/Et4-1.mp3\"><\/audio><\/figure>\n\n\n\n<div class=\"wp-block-buttons is-layout-flex wp-block-buttons-is-layout-flex\">\n<div class=\"wp-block-button\"><a class=\"wp-block-button__link\" href=\"http:\/\/actionsciencejargeau.fr\/index.php\/accueil\/cdu\/etape3\/panneau3\/\">pr\u00e9c\u00e9dent<\/a><\/div>\n\n\n\n<div class=\"wp-block-button\"><a class=\"wp-block-button__link\" href=\"http:\/\/actionsciencejargeau.fr\/index.php\/accueil\/cdu\/etape4\/panneau2\/\">suivant<\/a><\/div>\n<\/div>\n<\/div>\n\n\n\n<div class=\"wp-block-group has-luminous-dusk-gradient-background has-background\"><div class=\"wp-block-group__inner-container is-layout-flow wp-block-group-is-layout-flow\">\n<h2 class=\"wp-block-heading\">La cr\u00e9ation du syst\u00e8me solaire<\/h2>\n\n\n\n<p class=\"has-small-font-size\">Il y a environ 5 milliards, quelque part dans notre galaxie apr\u00e8s l&rsquo;explosion d&rsquo;une supernova, la mati\u00e8re dispers\u00e9e, flotte dans le vide, vaporeuse comme un nuage. Elle contient un m\u00e9lange d\u2019hydrog\u00e8ne et d\u2019h\u00e9lium form\u00e9s lors du Big Bang et tous les autres \u00e9l\u00e9ments fabriqu\u00e9s dans les \u00e9toiles et lors de l\u2019explosion de la supernova. <br>La gravit\u00e9 fait son \u0153uvre et des masses s&rsquo;agglutinent; notre syst\u00e8me solaire prend naissance. Port\u00e9 dans un des bras galactique, la mati\u00e8re tourne. Un petit nuage de gaz commence \u00e0 s\u2019effondrer sous l\u2019influence des forces de gravitation.<br>Au centre, la plus grande partie de ce nuage se comprime et s\u2019\u00e9chauffe jusqu&rsquo;\u00e0 15 millions de degr\u00e9s. Les r\u00e9actions thermonucl\u00e9aires s\u2019amorcent. Une \u00e9toile, notre \u00e9toile, le Soleil, s\u2019allume. Dans son c\u0153ur se concentreront les \u00e9l\u00e9ments les plus lourds.<br>Autour, un disque de poussi\u00e8re tourne. Des petites boules se forment, compos\u00e9es en grande partie des rejets lointains expuls\u00e9s par les supernovas lors de leur explosion. Les masses attirent les masses et la mati\u00e8re s&rsquo;anime. Des anneaux concentriques de mati\u00e8re se forment autour de cet astre. Tout tourne perp\u00e9tuellement, semblant \u00eatre attir\u00e9 par l&rsquo;\u00e9toile, rejet\u00e9 puis rattrap\u00e9. Et sur ces disques, la mati\u00e8re attire la mati\u00e8re et s&rsquo;agglutine. Des boules se forment; elles deviendront les plan\u00e8tes et leurs satellites.<\/p>\n<\/div><\/div>\n\n\n\n<p> <\/p>\n\n\n\n<p> <\/p>\n<\/div>\n\n\n\n<figure class=\"wp-block-image size-full\"><img fetchpriority=\"high\" decoding=\"async\" width=\"452\" height=\"855\" src=\"http:\/\/actionsciencejargeau.fr\/wp-content\/uploads\/2022\/07\/image-17.png\" alt=\"\" class=\"wp-image-260\" srcset=\"https:\/\/actionsciencejargeau.fr\/wp-content\/uploads\/2022\/07\/image-17.png 452w, https:\/\/actionsciencejargeau.fr\/wp-content\/uploads\/2022\/07\/image-17-159x300.png 159w\" sizes=\"(max-width: 452px) 100vw, 452px\" \/><\/figure>\n<\/div>\n\n\n\n<div class=\"wp-block-group has-luminous-dusk-gradient-background has-background is-vertical is-layout-flex wp-container-core-group-is-layout-8cf370e7 wp-block-group-is-layout-flex\"><\/div>\n\n\n\n<div class=\"wp-block-group has-luminous-dusk-gradient-background has-background is-vertical is-layout-flex wp-container-core-group-is-layout-8cf370e7 wp-block-group-is-layout-flex\">\n<h2 class=\"wp-block-heading\">et au final, huit plan\u00e8tes tournent autour du soleil!<\/h2>\n\n\n\n<figure class=\"wp-block-image size-full\"><img decoding=\"async\" width=\"768\" height=\"413\" src=\"http:\/\/actionsciencejargeau.fr\/wp-content\/uploads\/2022\/07\/image-1.png\" alt=\"\" class=\"wp-image-161\" srcset=\"https:\/\/actionsciencejargeau.fr\/wp-content\/uploads\/2022\/07\/image-1.png 768w, https:\/\/actionsciencejargeau.fr\/wp-content\/uploads\/2022\/07\/image-1-300x161.png 300w\" sizes=\"(max-width: 768px) 100vw, 768px\" \/><figcaption>Les plan\u00e8tes du syst\u00e8me solaire ne sont pas seules<\/figcaption><\/figure>\n\n\n\n<p class=\"has-vivid-purple-background-color has-background has-small-font-size\">Enfin, ces anneaux de mati\u00e8re ont fini par donner des plan\u00e8tes, cons\u00e9quence de l\u2019agglom\u00e9ration de la mati\u00e8re constituant les anneaux.<br>Les 8 plan\u00e8tes que nous connaissons ne sont pas les seuls corps c\u00e9lestes de notre syst\u00e8me solaire&nbsp;; \u00e0 cause de l\u2019influence massive de Jupiter, il y a un anneau qui n\u2019a pas pu donner naissance \u00e0 une plan\u00e8te&nbsp;: la ceinture d\u2019ast\u00e9ro\u00efde entre Mars et Jupiter. Au-del\u00e0 de Neptune, la trajectoire autour du soleil est tellement grande, qu\u2019il y a encore plein de proto plan\u00e8tes qui formeront peut-\u00eatre un jour la 9\u00e8me plan\u00e8te. C\u2019est la ceinture de Kuiper. Enfin pluton pourra faire partie des grandes&nbsp;!<\/p>\n\n\n\n<p class=\"has-vivid-purple-background-color has-background has-small-font-size\">Autour de cette \u00e9toile, une plan\u00e8te se distingue, parce qu\u2019elle est de bonne composition, de bonne taille et qu\u2019elle re\u00e7oit juste ce qu\u2019il faut en \u00e9nergie depuis son \u00e9toile. Sur cette plan\u00e8te appara\u00eetra la vie.<\/p>\n\n\n\n<h2 class=\"wp-block-heading\">et la Terre est l&rsquo;heureuse \u00e9lue!<\/h2>\n<\/div>\n\n\n\n<div class=\"wp-block-group has-luminous-dusk-gradient-background has-background is-nowrap is-layout-flex wp-container-core-group-is-layout-ad2f72ca wp-block-group-is-layout-flex\">\n<figure class=\"wp-block-image size-full is-resized\"><img decoding=\"async\" src=\"http:\/\/actionsciencejargeau.fr\/wp-content\/uploads\/2022\/07\/image-2.png\" alt=\"\" class=\"wp-image-162\" width=\"545\" height=\"327\" srcset=\"https:\/\/actionsciencejargeau.fr\/wp-content\/uploads\/2022\/07\/image-2.png 960w, https:\/\/actionsciencejargeau.fr\/wp-content\/uploads\/2022\/07\/image-2-300x181.png 300w, https:\/\/actionsciencejargeau.fr\/wp-content\/uploads\/2022\/07\/image-2-768x462.png 768w\" sizes=\"(max-width: 545px) 100vw, 545px\" \/><figcaption>diagramme de d\u00e9finition d&rsquo;une exoplan\u00e8te<\/figcaption><\/figure>\n\n\n\n<p class=\"has-vivid-purple-background-color has-background has-small-font-size\">Ce sch\u00e9ma montre les conditions favorables pour qu\u2019une plan\u00e8te puisse h\u00e9berger de la vie&nbsp;; on l\u2019appellera alors une exoplan\u00e8te. Il y a plus de 4000 de confirmer, mais elle sont toutes beaucoup trop loin de nous!<\/p>\n<\/div>\n\n\n\n<div class=\"wp-block-group has-luminous-dusk-gradient-background has-background is-vertical is-layout-flex wp-container-core-group-is-layout-8cf370e7 wp-block-group-is-layout-flex\">\n<div class=\"wp-block-group has-cool-to-warm-spectrum-gradient-background has-background is-vertical is-layout-flex wp-container-core-group-is-layout-8cf370e7 wp-block-group-is-layout-flex\">\n<p><strong>Recette de plan\u00e8te vivante<\/strong>:<\/p>\n\n\n\n<p class=\"has-small-font-size\">prenez une \u00e9toile issue d&rsquo;une supernova, pas trop grosse<\/p>\n\n\n\n<p class=\"has-small-font-size\">Prenez une plan\u00e8te, <\/p>\n\n\n\n<ul class=\"has-small-font-size wp-block-list\"><li>ni trop grosse pour que la gravit\u00e9 soit supportable, ni trop petite pour que la gravit\u00e9 ne puisse pas retenir l&rsquo;eau et l&rsquo;atmosph\u00e8re<\/li><\/ul>\n\n\n\n<ul class=\"has-small-font-size wp-block-list\"><li>elle doit contenir tous les \u00e9l\u00e9ments n\u00e9cessaires \u00e0 la vie: carbone, oxyg\u00e8ne, hydrog\u00e8ne, azote, &#8230; et de quoi avoir beaucoup d&rsquo;eau<\/li><li>il est pr\u00e9f\u00e9rable qu&rsquo;elle ait un champ magn\u00e9tique, pour \u00e9cranter certains rayonnements cosmiques<\/li><\/ul>\n\n\n\n<p class=\"has-small-font-size\">positionner la plan\u00e8te \u00e0 la bonne distance de son \u00e9toile, pour qu&rsquo;elle puisse recevoir une quantit\u00e9 suffisante de rayonnement<\/p>\n<\/div>\n\n\n\n<p class=\"has-vivid-purple-background-color has-background has-small-font-size\">Voil\u00e0, vous avez la recette d&rsquo;une plan\u00e8te capable d&rsquo;h\u00e9berger la vie. Il faudra \u00eatre patient, car la vie pourra venir, lorsque votre plan\u00e8te ne sera plus vivable. On d\u00e9couvrira \u00e7a plus loin dans le chemin de l&rsquo;Univers.<\/p>\n<\/div>\n\n\n\n<h2 class=\"wp-block-heading\">Jouons avec les plan\u00e8tes<\/h2>\n\n\n\n<p>Avez-vous vraiment une id\u00e9e des proportions des tailles et distances dans notre syst\u00e8me solaire?<\/p>\n\n\n\n<div class=\"wp-block-group is-nowrap is-layout-flex wp-container-core-group-is-layout-ad2f72ca wp-block-group-is-layout-flex\">\n<figure class=\"wp-block-image size-large is-resized\"><img loading=\"lazy\" decoding=\"async\" src=\"http:\/\/actionsciencejargeau.fr\/wp-content\/uploads\/2022\/07\/image-18-1024x610.png\" alt=\"\" class=\"wp-image-266\" width=\"411\" height=\"245\" srcset=\"https:\/\/actionsciencejargeau.fr\/wp-content\/uploads\/2022\/07\/image-18-1024x610.png 1024w, https:\/\/actionsciencejargeau.fr\/wp-content\/uploads\/2022\/07\/image-18-300x179.png 300w, https:\/\/actionsciencejargeau.fr\/wp-content\/uploads\/2022\/07\/image-18-768x458.png 768w, https:\/\/actionsciencejargeau.fr\/wp-content\/uploads\/2022\/07\/image-18.png 1190w\" sizes=\"(max-width: 411px) 100vw, 411px\" \/><figcaption>Composition et pression atmosph\u00e9rique des plan\u00e8tes<\/figcaption><\/figure>\n\n\n\n<p class=\"has-small-font-size\">Les plan\u00e8tes telluriques ont des atmosph\u00e8res tr\u00e8s vari\u00e9es. V\u00e9nus est remarquable par sa forte pression atmosph\u00e9rique. Les plan\u00e8tes gazeuses sont de \u00ab\u00a0petits soleil\u00a0\u00bb puisqu&rsquo;elles en ont pratiquement la m\u00eame composition.<\/p>\n<\/div>\n\n\n\n<figure class=\"wp-block-table has-small-font-size\"><table class=\"has-fixed-layout\"><tbody><tr><td><\/td><td class=\"has-text-align-center\" data-align=\"center\"><strong>d moy au s<\/strong>oleil<\/td><td class=\"has-text-align-center\" data-align=\"center\"><strong>r\u00e9volution<br>sid\u00e9rale<\/strong><\/td><td class=\"has-text-align-center\" data-align=\"center\"><strong>rotation<\/strong><\/td><td class=\"has-text-align-center\" data-align=\"center\"><strong>vitesse orbitale<br>Moyenne <\/strong><\/td><td class=\"has-text-align-center\" data-align=\"center\">Temp\u00e9rature <br>jour<\/td><td class=\"has-text-align-center\" data-align=\"center\">Temp\u00e9rature<br>nuit<\/td><td class=\"has-text-align-center\" data-align=\"center\">d moy au soleil<\/td><td class=\"has-text-align-center\" data-align=\"center\">P\u00e9rih\u00e9lie<\/td><td class=\"has-text-align-center\" data-align=\"center\">Aph\u00e9lie<\/td><td class=\"has-text-align-center\" data-align=\"center\">demi-foyer<\/td><\/tr><tr><td><\/td><td class=\"has-text-align-center\" data-align=\"center\">(km)<\/td><td class=\"has-text-align-center\" data-align=\"center\"> (J)<\/td><td class=\"has-text-align-center\" data-align=\"center\">(J)<\/td><td class=\"has-text-align-center\" data-align=\"center\">(km\/s)<\/td><td class=\"has-text-align-center\" data-align=\"center\">(\u00b0C)<\/td><td class=\"has-text-align-center\" data-align=\"center\">(\u00b0C)<\/td><td class=\"has-text-align-center\" data-align=\"center\">x1000000km<\/td><td class=\"has-text-align-center\" data-align=\"center\">x1000000km<\/td><td class=\"has-text-align-center\" data-align=\"center\">x1000000km<\/td><td class=\"has-text-align-center\" data-align=\"center\">x1000000km<\/td><\/tr><tr><td>Sole<strong>i<\/strong>l<\/td><td class=\"has-text-align-center\" data-align=\"center\">1392000<\/td><td class=\"has-text-align-center\" data-align=\"center\"><\/td><td class=\"has-text-align-center\" data-align=\"center\">27,00<\/td><td class=\"has-text-align-center\" data-align=\"center\">9,66<\/td><td class=\"has-text-align-center\" data-align=\"center\">5526<\/td><td class=\"has-text-align-center\" data-align=\"center\">5526<\/td><td class=\"has-text-align-center\" data-align=\"center\">0<\/td><td class=\"has-text-align-center\" data-align=\"center\">0<\/td><td class=\"has-text-align-center\" data-align=\"center\">0<\/td><td class=\"has-text-align-center\" data-align=\"center\">0<\/td><\/tr><tr><td>Mercure<\/td><td class=\"has-text-align-center\" data-align=\"center\">4879,4<\/td><td class=\"has-text-align-center\" data-align=\"center\">87,97<\/td><td class=\"has-text-align-center\" data-align=\"center\">58,65<\/td><td class=\"has-text-align-center\" data-align=\"center\">47,87<\/td><td class=\"has-text-align-center\" data-align=\"center\">400<\/td><td class=\"has-text-align-center\" data-align=\"center\">-170<\/td><td class=\"has-text-align-center\" data-align=\"center\"><strong>5,79<\/strong><\/td><td class=\"has-text-align-center\" data-align=\"center\">4,6<\/td><td class=\"has-text-align-center\" data-align=\"center\">7<\/td><td class=\"has-text-align-center\" data-align=\"center\">5,28<\/td><\/tr><tr><td>V\u00e9nus<\/td><td class=\"has-text-align-center\" data-align=\"center\">12103,6<\/td><td class=\"has-text-align-center\" data-align=\"center\">224,70<\/td><td class=\"has-text-align-center\" data-align=\"center\">-243,02<\/td><td class=\"has-text-align-center\" data-align=\"center\">35,02<\/td><td class=\"has-text-align-center\" data-align=\"center\">490<\/td><td class=\"has-text-align-center\" data-align=\"center\">446<\/td><td class=\"has-text-align-center\" data-align=\"center\"><strong>10,82<\/strong><\/td><td class=\"has-text-align-center\" data-align=\"center\">10,7<\/td><td class=\"has-text-align-center\" data-align=\"center\"><strong>10,9<\/strong><\/td><td class=\"has-text-align-center\" data-align=\"center\">2,08<\/td><\/tr><tr><td>Terre<\/td><td class=\"has-text-align-center\" data-align=\"center\"><strong>12756,28<\/strong><\/td><td class=\"has-text-align-center\" data-align=\"center\">365,26<\/td><td class=\"has-text-align-center\" data-align=\"center\">0,99727<\/td><td class=\"has-text-align-center\" data-align=\"center\">29,79<\/td><td class=\"has-text-align-center\" data-align=\"center\">58<\/td><td class=\"has-text-align-center\" data-align=\"center\">-90<\/td><td class=\"has-text-align-center\" data-align=\"center\"><strong>14,96<\/strong><\/td><td class=\"has-text-align-center\" data-align=\"center\">14,7<\/td><td class=\"has-text-align-center\" data-align=\"center\"><strong>15,2<\/strong><\/td><td class=\"has-text-align-center\" data-align=\"center\">3,87<\/td><\/tr><tr><td>Mars<\/td><td class=\"has-text-align-center\" data-align=\"center\"><strong>6794,4<\/strong><\/td><td class=\"has-text-align-center\" data-align=\"center\">686,98<\/td><td class=\"has-text-align-center\" data-align=\"center\">1,02<\/td><td class=\"has-text-align-center\" data-align=\"center\">4,13<\/td><td class=\"has-text-align-center\" data-align=\"center\">22<\/td><td class=\"has-text-align-center\" data-align=\"center\">-143<\/td><td class=\"has-text-align-center\" data-align=\"center\"><strong>22,79<\/strong><\/td><td class=\"has-text-align-center\" data-align=\"center\">20,7<\/td><td class=\"has-text-align-center\" data-align=\"center\"><strong>24,9<\/strong><\/td><td class=\"has-text-align-center\" data-align=\"center\">13,84<\/td><\/tr><tr><td>Jupiter<\/td><td class=\"has-text-align-center\" data-align=\"center\"><strong>142984<\/strong><\/td><td class=\"has-text-align-center\" data-align=\"center\">4332,71<\/td><td class=\"has-text-align-center\" data-align=\"center\">0,41<\/td><td class=\"has-text-align-center\" data-align=\"center\">13,06<\/td><td class=\"has-text-align-center\" data-align=\"center\">-145<\/td><td class=\"has-text-align-center\" data-align=\"center\">-145<\/td><td class=\"has-text-align-center\" data-align=\"center\"><strong>77,83<\/strong><\/td><td class=\"has-text-align-center\" data-align=\"center\">74,1<\/td><td class=\"has-text-align-center\" data-align=\"center\"><strong>81,7<\/strong><\/td><td class=\"has-text-align-center\" data-align=\"center\">34,41<\/td><\/tr><tr><td>Saturne<\/td><td class=\"has-text-align-center\" data-align=\"center\"><strong>120536<\/strong><\/td><td class=\"has-text-align-center\" data-align=\"center\">10759,50<\/td><td class=\"has-text-align-center\" data-align=\"center\">0,44<\/td><td class=\"has-text-align-center\" data-align=\"center\">9,66<\/td><td class=\"has-text-align-center\" data-align=\"center\">-189<\/td><td class=\"has-text-align-center\" data-align=\"center\">-189<\/td><td class=\"has-text-align-center\" data-align=\"center\"><strong>142,9<\/strong><\/td><td class=\"has-text-align-center\" data-align=\"center\">134,9<\/td><td class=\"has-text-align-center\" data-align=\"center\"><strong>150,4<\/strong><\/td><td class=\"has-text-align-center\" data-align=\"center\">66,50<\/td><\/tr><tr><td>Uranus<\/td><td class=\"has-text-align-center\" data-align=\"center\"><strong>51118<\/strong><\/td><td class=\"has-text-align-center\" data-align=\"center\">30685,16<\/td><td class=\"has-text-align-center\" data-align=\"center\">-0,72<\/td><td class=\"has-text-align-center\" data-align=\"center\">6,80<\/td><td class=\"has-text-align-center\" data-align=\"center\">-193<\/td><td class=\"has-text-align-center\" data-align=\"center\">-224<\/td><td class=\"has-text-align-center\" data-align=\"center\"><strong>287,1<\/strong><\/td><td class=\"has-text-align-center\" data-align=\"center\">273,6<\/td><td class=\"has-text-align-center\" data-align=\"center\"><strong>300,6<\/strong><\/td><td class=\"has-text-align-center\" data-align=\"center\">124,51<\/td><\/tr><tr><td>Neptune<\/td><td class=\"has-text-align-center\" data-align=\"center\"><strong>49492<\/strong><\/td><td class=\"has-text-align-center\" data-align=\"center\">60190,54<\/td><td class=\"has-text-align-center\" data-align=\"center\">0,67<\/td><td class=\"has-text-align-center\" data-align=\"center\">5,44<\/td><td class=\"has-text-align-center\" data-align=\"center\">-225<\/td><td class=\"has-text-align-center\" data-align=\"center\">-225<\/td><td class=\"has-text-align-center\" data-align=\"center\"><strong>450,43<\/strong><\/td><td class=\"has-text-align-center\" data-align=\"center\">446<\/td><td class=\"has-text-align-center\" data-align=\"center\"><strong>453,7<\/strong><\/td><td class=\"has-text-align-center\" data-align=\"center\">83,23<\/td><\/tr><\/tbody><\/table><\/figure>\n\n\n\n<h2 class=\"wp-block-heading\">le saviez-vous?<\/h2>\n\n\n\n<ul class=\"wp-block-list\"><li>Neptune et Uranus apparaissent bleues, parce que leur atmosph\u00e8re contient du m\u00e9thane. Attention en sortant de la capsule, n&rsquo;allumez pas votre cigarette!<\/li><li>Sur Neptune, les vents peuvent atteindre 2000km\/h! de quoi aller de Paris \u00e0 New York en planneur \u00e0 la vitesse supersonique!<\/li><li><\/li><\/ul>\n","protected":false},"excerpt":{"rendered":"<p>La cr\u00e9ation du syst\u00e8me solaire Il y a environ 5 milliards, quelque part dans notre galaxie apr\u00e8s l&rsquo;explosion d&rsquo;une supernova, la mati\u00e8re dispers\u00e9e, flotte dans le vide, vaporeuse comme un [&hellip;]<\/p>\n","protected":false},"author":3,"featured_media":0,"parent":55,"menu_order":1,"comment_status":"closed","ping_status":"closed","template":"","meta":{"footnotes":""},"class_list":["post-57","page","type-page","status-publish","hentry","entry"],"_links":{"self":[{"href":"https:\/\/actionsciencejargeau.fr\/index.php\/wp-json\/wp\/v2\/pages\/57","targetHints":{"allow":["GET"]}}],"collection":[{"href":"https:\/\/actionsciencejargeau.fr\/index.php\/wp-json\/wp\/v2\/pages"}],"about":[{"href":"https:\/\/actionsciencejargeau.fr\/index.php\/wp-json\/wp\/v2\/types\/page"}],"author":[{"embeddable":true,"href":"https:\/\/actionsciencejargeau.fr\/index.php\/wp-json\/wp\/v2\/users\/3"}],"replies":[{"embeddable":true,"href":"https:\/\/actionsciencejargeau.fr\/index.php\/wp-json\/wp\/v2\/comments?post=57"}],"version-history":[{"count":5,"href":"https:\/\/actionsciencejargeau.fr\/index.php\/wp-json\/wp\/v2\/pages\/57\/revisions"}],"predecessor-version":[{"id":270,"href":"https:\/\/actionsciencejargeau.fr\/index.php\/wp-json\/wp\/v2\/pages\/57\/revisions\/270"}],"up":[{"embeddable":true,"href":"https:\/\/actionsciencejargeau.fr\/index.php\/wp-json\/wp\/v2\/pages\/55"}],"wp:attachment":[{"href":"https:\/\/actionsciencejargeau.fr\/index.php\/wp-json\/wp\/v2\/media?parent=57"}],"curies":[{"name":"wp","href":"https:\/\/api.w.org\/{rel}","templated":true}]}}