{"id":65,"date":"2022-05-24T23:06:51","date_gmt":"2022-05-24T21:06:51","guid":{"rendered":"http:\/\/actionsciencejargeau.fr\/?page_id=65"},"modified":"2022-07-12T21:49:45","modified_gmt":"2022-07-12T19:49:45","slug":"panneau1","status":"publish","type":"page","link":"https:\/\/actionsciencejargeau.fr\/index.php\/accueil\/cdu\/etape5\/panneau1\/","title":{"rendered":"\u00e9volution de la Terre"},"content":{"rendered":"\n<div class=\"wp-block-group is-nowrap is-layout-flex wp-container-core-group-is-layout-ad2f72ca wp-block-group-is-layout-flex\">\n<div class=\"wp-block-group has-luminous-dusk-gradient-background has-background is-vertical is-layout-flex wp-container-core-group-is-layout-8cf370e7 wp-block-group-is-layout-flex\">\n<figure class=\"wp-block-audio\"><audio controls src=\"http:\/\/actionsciencejargeau.fr\/wp-content\/uploads\/2022\/07\/Et5-1.mp3\"><\/audio><\/figure>\n\n\n\n<div class=\"wp-block-group is-nowrap is-layout-flex wp-container-core-group-is-layout-ad2f72ca wp-block-group-is-layout-flex\">\n<div class=\"wp-block-buttons is-layout-flex wp-block-buttons-is-layout-flex\">\n<div class=\"wp-block-button\"><a class=\"wp-block-button__link\" href=\"http:\/\/actionsciencejargeau.fr\/index.php\/accueil\/cdu\/etape4\/panneau3\/\">pr\u00e9c\u00e9dent<\/a><\/div>\n<\/div>\n\n\n\n<div class=\"wp-block-buttons is-layout-flex wp-block-buttons-is-layout-flex\">\n<div class=\"wp-block-button\"><a class=\"wp-block-button__link\" href=\"http:\/\/actionsciencejargeau.fr\/index.php\/accueil\/cdu\/etape5\/panneau2\/\">suivant<\/a><\/div>\n<\/div>\n<\/div>\n\n\n\n<blockquote class=\"wp-block-quote has-small-font-size is-layout-flow wp-block-quote-is-layout-flow\"><p>Depuis sa formation, la surface de la terre a fortement \u00e9volu\u00e9e<br>L\u2019intense bombardement de la surface, entretient la fusion de la terre\u00a0; de l\u2019espace, elle appara\u00eet orange. Son atmosph\u00e8re est riche en CO2 et en vapeur d\u2019eau.<br>En se refroidissant, l\u2019eau va se condenser sur la surface, pour donner les oc\u00e9ans\u00a0; notre plan\u00e8te est une boule bleue. la vie va pouvoir commencer. Le CO2 va \u00eatre consomm\u00e9 et du m\u00e9thane va \u00eatre form\u00e9 par les premi\u00e8res formes de vie.<br>L\u2019activit\u00e9 volcanique continue, et des terres \u00e9merg\u00e9es donneront les premiers continents\u00a0: les cratons. Notre terre est bleue et orange.<br>Vers 2,5 MA, les bact\u00e9ries m\u00e9thanog\u00e8nes disparaissent. D\u2019autres bact\u00e9ries apparaissent pour favoriser l\u2019atmosph\u00e8re oxyg\u00e9n\u00e9. Les petits continents se d\u00e9placent \u00e0 la surface de la terre, mues par la d\u00e9rive des continents. Selon leur situation par rapport \u00e0 l\u2019\u00e9quateur, le m\u00e9canisme de r\u00e9gulation de la temp\u00e9rature de l\u2019atmosph\u00e8re sera perturb\u00e9. A 2.5 et 0.6 MA, la terre sera blanche, car enti\u00e8rement recouverte de glace.<br>L\u2019activit\u00e9 d\u2019oxyg\u00e9nation va continuer, et les continents vont \u00eatre colonis\u00e9s par la v\u00e9g\u00e9tation\u00a0; la terre sera bleue, orange et verte.<br>La v\u00e9g\u00e9tation va prolif\u00e9rer, et avec les oc\u00e9ans, contribuera \u00e0 absorber le CO2.un climat plus temp\u00e9r\u00e9 va s\u2019\u00e9tablir\u00a0; notre terre appara\u00eetra bleue, orange, verte et blanche aux p\u00f4les.<br>Le cycle du carbone<br>La principale source du CO2 est le volcanisme. Projet\u00e9 dans l\u2019atmosph\u00e8re, il va s\u2019associer avec la vapeur d\u2019eau. Cet acide pr\u00e9cipitera sur les continents, et alt\u00e9rera les roches. Dans les oc\u00e9ans la carbone sera contenu dans les carbonates. Sous l\u2019effet de la subduction, les carbonates vont glisser sous les continents, pour \u00eatre d\u00e9compos\u00e9. Il sera r\u00e9inject\u00e9 dans l\u2019atmosph\u00e8re par le volcanisme.<br>L\u2019alt\u00e9ration des continents est plus importante lorsqu\u2019ils sont localis\u00e9s au niveau de l\u2019\u00e9quateur. C\u2019est \u00e0 ce moment lf\u00e0 qu\u2019il y a une plus grande absorption du carbone dans les oc\u00e9ans, et donc une forte diminution du carbone atmosph\u00e9rique. Alors l\u2019effet de serre est fortement diminu\u00e9 et la surface de la terre se refroidit. Risque de snow-ball.<br>Lorsque les continents sont proches des p\u00f4les, alors l\u2019alt\u00e9ration est moins importante. Le CO2 s\u2019accumule dans l\u2019atmosph\u00e8re entra\u00eenant une augmentation de l\u2019effet de serre\u00a0; le climat se r\u00e9chauffe.<\/p><\/blockquote>\n<\/div>\n\n\n\n<figure class=\"wp-block-image size-full\"><img fetchpriority=\"high\" decoding=\"async\" width=\"455\" height=\"857\" src=\"http:\/\/actionsciencejargeau.fr\/wp-content\/uploads\/2022\/07\/image-29.png\" alt=\"\" class=\"wp-image-297\" srcset=\"https:\/\/actionsciencejargeau.fr\/wp-content\/uploads\/2022\/07\/image-29.png 455w, https:\/\/actionsciencejargeau.fr\/wp-content\/uploads\/2022\/07\/image-29-159x300.png 159w\" sizes=\"(max-width: 455px) 100vw, 455px\" \/><\/figure>\n<\/div>\n\n\n\n<div class=\"wp-block-group has-luminous-dusk-gradient-background has-background is-vertical is-layout-flex wp-container-core-group-is-layout-8cf370e7 wp-block-group-is-layout-flex\">\n<div class=\"wp-block-group has-luminous-dusk-gradient-background has-background is-vertical is-layout-flex wp-container-core-group-is-layout-8cf370e7 wp-block-group-is-layout-flex\">\n<figure class=\"wp-block-image size-large is-resized\"><img decoding=\"async\" src=\"http:\/\/actionsciencejargeau.fr\/wp-content\/uploads\/2022\/07\/image-10-1024x504.png\" alt=\"\" class=\"wp-image-184\" width=\"808\" height=\"397\" srcset=\"https:\/\/actionsciencejargeau.fr\/wp-content\/uploads\/2022\/07\/image-10-1024x504.png 1024w, https:\/\/actionsciencejargeau.fr\/wp-content\/uploads\/2022\/07\/image-10-300x148.png 300w, https:\/\/actionsciencejargeau.fr\/wp-content\/uploads\/2022\/07\/image-10-768x378.png 768w, https:\/\/actionsciencejargeau.fr\/wp-content\/uploads\/2022\/07\/image-10.png 1252w\" sizes=\"(max-width: 808px) 100vw, 808px\" \/><figcaption>Le cycle du carbone combin\u00e9 au cycle de l&rsquo;eau, un incroyable moteur de r\u00e9gulation du climat<\/figcaption><\/figure>\n\n\n\n<p class=\"has-small-font-size\">Maintenant on le sait, trop de CO2 dans l&rsquo;atmosph\u00e8re provoque une augmentation de la temp\u00e9rature \u00e0 la surface de la terre, par effet de serre. La Terre a mis des milliards d&rsquo;ann\u00e9es a nous offrir un \u00e9quilibre acceptable pour que nous puissions avoir juste la temp\u00e9rature qu&rsquo;il nous faut. Dans les sols, le CO2 est stock\u00e9 sous forme de carbonates ou de mati\u00e8res organiques (comme le p\u00e9trole ou le charbon). les modes de relargage du CO2 sont vari\u00e9s: les volcans, mais aussi l&rsquo;activit\u00e9 humaine. L&rsquo;extraction du calcaire pour obtenir du ciment, ou l&rsquo;extraction du p\u00e9trole, m\u00e8ne au relargage du CO2 fossile dans l&rsquo;atmosph\u00e8re. Les moyens pour absorber le CO2 existent, mais ils sont lents: la v\u00e9g\u00e9tation et surtout les oc\u00e9ans.<\/p>\n<\/div>\n\n\n\n<p>Comment participer \u00e0 ce retour \u00e0 l&rsquo;\u00e9quilibre!<\/p>\n\n\n\n<p class=\"has-small-font-size\">Pour en savoir plus, nous recommandons la vid\u00e9o de Gilles Ramstein, sur l&rsquo;\u00e9volution du climat de la Terre: \u00a0<a rel=\"noreferrer noopener\" href=\"https:\/\/www.canal-u.tv\/video\/ipsl\/histoire_du_climat_de_la_terre_gilles_ramstein.50955\" target=\"_blank\">https:\/\/www.canal-u.tv\/video\/ipsl\/histoire_du_climat_de_la_terre_gilles_ramstein.50955<\/a><\/p>\n<\/div>\n","protected":false},"excerpt":{"rendered":"<p>Depuis sa formation, la surface de la terre a fortement \u00e9volu\u00e9eL\u2019intense bombardement de la surface, entretient la fusion de la terre\u00a0; de l\u2019espace, elle appara\u00eet orange. Son atmosph\u00e8re est riche [&hellip;]<\/p>\n","protected":false},"author":3,"featured_media":0,"parent":63,"menu_order":1,"comment_status":"closed","ping_status":"closed","template":"","meta":{"footnotes":""},"class_list":["post-65","page","type-page","status-publish","hentry","entry"],"_links":{"self":[{"href":"https:\/\/actionsciencejargeau.fr\/index.php\/wp-json\/wp\/v2\/pages\/65","targetHints":{"allow":["GET"]}}],"collection":[{"href":"https:\/\/actionsciencejargeau.fr\/index.php\/wp-json\/wp\/v2\/pages"}],"about":[{"href":"https:\/\/actionsciencejargeau.fr\/index.php\/wp-json\/wp\/v2\/types\/page"}],"author":[{"embeddable":true,"href":"https:\/\/actionsciencejargeau.fr\/index.php\/wp-json\/wp\/v2\/users\/3"}],"replies":[{"embeddable":true,"href":"https:\/\/actionsciencejargeau.fr\/index.php\/wp-json\/wp\/v2\/comments?post=65"}],"version-history":[{"count":5,"href":"https:\/\/actionsciencejargeau.fr\/index.php\/wp-json\/wp\/v2\/pages\/65\/revisions"}],"predecessor-version":[{"id":298,"href":"https:\/\/actionsciencejargeau.fr\/index.php\/wp-json\/wp\/v2\/pages\/65\/revisions\/298"}],"up":[{"embeddable":true,"href":"https:\/\/actionsciencejargeau.fr\/index.php\/wp-json\/wp\/v2\/pages\/63"}],"wp:attachment":[{"href":"https:\/\/actionsciencejargeau.fr\/index.php\/wp-json\/wp\/v2\/media?parent=65"}],"curies":[{"name":"wp","href":"https:\/\/api.w.org\/{rel}","templated":true}]}}