{"id":67,"date":"2022-05-24T23:08:38","date_gmt":"2022-05-24T21:08:38","guid":{"rendered":"http:\/\/actionsciencejargeau.fr\/?page_id=67"},"modified":"2022-07-12T21:51:45","modified_gmt":"2022-07-12T19:51:45","slug":"panneau2","status":"publish","type":"page","link":"https:\/\/actionsciencejargeau.fr\/index.php\/accueil\/cdu\/etape5\/panneau2\/","title":{"rendered":"apparition de la vie"},"content":{"rendered":"\n<div class=\"wp-block-group is-nowrap is-layout-flex wp-container-core-group-is-layout-ad2f72ca wp-block-group-is-layout-flex\">\n<div class=\"wp-block-group has-luminous-dusk-gradient-background has-background is-vertical is-layout-flex wp-container-core-group-is-layout-8cf370e7 wp-block-group-is-layout-flex\">\n<div class=\"wp-block-group is-vertical is-layout-flex wp-container-core-group-is-layout-8cf370e7 wp-block-group-is-layout-flex\">\n<figure class=\"wp-block-audio\"><audio controls src=\"http:\/\/actionsciencejargeau.fr\/wp-content\/uploads\/2022\/07\/Et5-2.mp3\"><\/audio><\/figure>\n\n\n\n<div class=\"wp-block-buttons is-layout-flex wp-block-buttons-is-layout-flex\">\n<div class=\"wp-block-button\"><a class=\"wp-block-button__link\" href=\"http:\/\/actionsciencejargeau.fr\/index.php\/accueil\/cdu\/etape5\/panneau1\/\">pr\u00e9c\u00e9dent<\/a><\/div>\n\n\n\n<div class=\"wp-block-button\"><a class=\"wp-block-button__link\" href=\"http:\/\/actionsciencejargeau.fr\/index.php\/accueil\/cdu\/etape5\/panneau3\/\">suivant<\/a><\/div>\n<\/div>\n<\/div>\n\n\n\n<p class=\"has-small-font-size\">Il y a 4 milliards d\u2019ann\u00e9es, il y avait d\u00e9j\u00e0 de l\u2019eau sur Terre. Dans cette eau, des mol\u00e9cules carbon\u00e9es se sont mises \u00e0 se reproduire et \u00e0 \u00e9voluer, la vie prenait naissance.<br>La mati\u00e8re carbon\u00e9e a pu \u00eatre fournie par l\u2019atmosph\u00e8re, les fumeurs noirs sous marins ou l\u2019espace. Ce sont tr\u00e8s probablement les microm\u00e9t\u00e9orites qui ont apport\u00e9 les plus grandes quantit\u00e9s de mati\u00e8re premi\u00e8re carbon\u00e9e.<br>Au cours des temps, la vie a pu montrer des \u00e9volutions fantastiques, depuis les bact\u00e9ries, la flore et la faune. Cette vie va contribuer \u00e0 marquer l\u2019\u00e9volution de notre terre.<\/p>\n\n\n\n<p><\/p>\n\n\n\n<p><\/p>\n\n\n\n<p><\/p>\n\n\n\n<p><\/p>\n\n\n\n<p><\/p>\n\n\n\n<p><\/p>\n<\/div>\n\n\n\n<figure class=\"wp-block-image size-full\"><img fetchpriority=\"high\" decoding=\"async\" width=\"450\" height=\"859\" src=\"http:\/\/actionsciencejargeau.fr\/wp-content\/uploads\/2022\/07\/image-30.png\" alt=\"\" class=\"wp-image-300\" srcset=\"https:\/\/actionsciencejargeau.fr\/wp-content\/uploads\/2022\/07\/image-30.png 450w, https:\/\/actionsciencejargeau.fr\/wp-content\/uploads\/2022\/07\/image-30-157x300.png 157w\" sizes=\"(max-width: 450px) 100vw, 450px\" \/><\/figure>\n<\/div>\n\n\n\n<div class=\"wp-block-group has-luminous-dusk-gradient-background has-background is-vertical is-layout-flex wp-container-core-group-is-layout-8cf370e7 wp-block-group-is-layout-flex\">\n<div class=\"wp-block-group has-luminous-dusk-gradient-background has-background is-vertical is-layout-flex wp-container-core-group-is-layout-8cf370e7 wp-block-group-is-layout-flex\">\n<div class=\"wp-block-group has-luminous-dusk-gradient-background has-background is-nowrap is-layout-flex wp-container-core-group-is-layout-ad2f72ca wp-block-group-is-layout-flex\">\n<figure class=\"wp-block-image size-full is-resized\"><img decoding=\"async\" src=\"http:\/\/actionsciencejargeau.fr\/wp-content\/uploads\/2022\/07\/image-11.png\" alt=\"\" class=\"wp-image-207\" width=\"318\" height=\"283\" srcset=\"https:\/\/actionsciencejargeau.fr\/wp-content\/uploads\/2022\/07\/image-11.png 407w, https:\/\/actionsciencejargeau.fr\/wp-content\/uploads\/2022\/07\/image-11-300x267.png 300w\" sizes=\"(max-width: 318px) 100vw, 318px\" \/><figcaption>Cr\u00e9dit Frances Westall, CNRS Orl\u00e9ans<\/figcaption><\/figure>\n\n\n\n<p class=\"has-small-font-size\">On conna\u00eet l\u2019histoire de la vie, en analysant les fossiles.<br>Les plus vieux micro organismes fossilis\u00e9s ont \u00e9t\u00e9 trouv\u00e9s \u00e0 Pilbara en Australie. Ils sont vieux de 3,33 Mrd d\u2019ann\u00e9es.<br>A. Brack<\/p>\n<\/div>\n\n\n\n<p class=\"has-small-font-size\">Comprendre la physico-chimie de la mati\u00e8re min\u00e9rale permet de comprendre l&rsquo;\u00e9volution de la terre. A l&rsquo;int\u00e9rieur de cette mati\u00e8re min\u00e9rale, on peut trouver les traces de la vie.<\/p>\n<\/div>\n<\/div>\n","protected":false},"excerpt":{"rendered":"<p>Il y a 4 milliards d\u2019ann\u00e9es, il y avait d\u00e9j\u00e0 de l\u2019eau sur Terre. Dans cette eau, des mol\u00e9cules carbon\u00e9es se sont mises \u00e0 se reproduire et \u00e0 \u00e9voluer, la [&hellip;]<\/p>\n","protected":false},"author":3,"featured_media":0,"parent":63,"menu_order":2,"comment_status":"closed","ping_status":"closed","template":"","meta":{"footnotes":""},"class_list":["post-67","page","type-page","status-publish","hentry","entry"],"_links":{"self":[{"href":"https:\/\/actionsciencejargeau.fr\/index.php\/wp-json\/wp\/v2\/pages\/67","targetHints":{"allow":["GET"]}}],"collection":[{"href":"https:\/\/actionsciencejargeau.fr\/index.php\/wp-json\/wp\/v2\/pages"}],"about":[{"href":"https:\/\/actionsciencejargeau.fr\/index.php\/wp-json\/wp\/v2\/types\/page"}],"author":[{"embeddable":true,"href":"https:\/\/actionsciencejargeau.fr\/index.php\/wp-json\/wp\/v2\/users\/3"}],"replies":[{"embeddable":true,"href":"https:\/\/actionsciencejargeau.fr\/index.php\/wp-json\/wp\/v2\/comments?post=67"}],"version-history":[{"count":5,"href":"https:\/\/actionsciencejargeau.fr\/index.php\/wp-json\/wp\/v2\/pages\/67\/revisions"}],"predecessor-version":[{"id":301,"href":"https:\/\/actionsciencejargeau.fr\/index.php\/wp-json\/wp\/v2\/pages\/67\/revisions\/301"}],"up":[{"embeddable":true,"href":"https:\/\/actionsciencejargeau.fr\/index.php\/wp-json\/wp\/v2\/pages\/63"}],"wp:attachment":[{"href":"https:\/\/actionsciencejargeau.fr\/index.php\/wp-json\/wp\/v2\/media?parent=67"}],"curies":[{"name":"wp","href":"https:\/\/api.w.org\/{rel}","templated":true}]}}